{"id":68,"date":"2019-02-20T13:43:42","date_gmt":"2019-02-20T12:43:42","guid":{"rendered":"https:\/\/bioconcept.se\/?page_id=68"},"modified":"2019-09-18T15:30:38","modified_gmt":"2019-09-18T13:30:38","slug":"tre-flexovital-today","status":"publish","type":"page","link":"https:\/\/bioconcept.se\/en\/tre-flexovital-today\/","title":{"rendered":"FLEXOVITAL+R\u00d6DBETA Find your youthful feeling"},"content":{"rendered":"<p><\/p><p><\/p><div data-expanded-content=\"1\" data-wprr-component=\"buyPromoCircle\" data-wprr-component-data=\"{&quot;product&quot;:&quot;1270&quot;,&quot;text&quot;:&quot;Choose&quot;,&quot;promoText&quot;:&quot;50% discount on the first box.&quot;}\" class=\"wp-block-bioconcept-buy-promo-circle\"><\/div><p style=\"text-align:center\">You receive a monthly subscription without binding or cancelation time. Postage is included!<\/p><p style=\"text-align:center\">Buy 6 boxes but pay only for 5 boxes<\/p><p><br><\/p><div data-expanded-content=\"1\" data-wprr-component=\"additionalBuyOptions\" data-wprr-component-data=\"{&quot;options&quot;:[{&quot;product&quot;:&quot;223&quot;,&quot;text&quot;:&quot;K\u00f6p 6 betala f\u00f6r 5&quot;},{&quot;product&quot;:&quot;222&quot;,&quot;text&quot;:&quot;K\u00f6p 12 betala f\u00f6r 9&quot;}]}\" class=\"wp-block-bioconcept-additional-buy-options\"><\/div><h1 class=\"wp-block-heading\">S\u00e5 att din kropp h\u00e4nger med.<\/h1><p><strong>FLEXOVITAL<\/strong><em><strong>+R\u00d6DBET<\/strong><\/em><strong>A \u00e4r ett unikt kosttillskott f\u00f6r seniorer som togs fram av ett forskarteam vid Akademiska Sjukhuset i Uppsala f\u00f6r drygt 14 \u00e5r sedan. Dom inspirerades av en uppt\u00e4ckt som bel\u00f6nats med Nobelpriset i medicin 1998.<\/strong><\/p><p>Din hj\u00e4rna vill g\u00f6ra saker men din kropp \u00e4r inte med p\u00e5 noterna. Du \u00e4r INTE ensam om den k\u00e4nslan f\u00f6r de flesta k\u00e4nner sig mentalt 10-15 \u00e5r yngre \u00e4n vad kroppen g\u00f6r.<strong> <\/strong>Men vi \u00e4r \u00f6vertygade om att du kan f\u00e5 fram din ungdomliga k\u00e4nsla igen. Det \u00e4r det vi vill f\u00f6rs\u00f6ka hj\u00e4lpa dig med.<\/p><p style=\"text-align:center\"><strong>Nu ocks\u00e5 med R\u00f6dbetsextrakt och Magnesium<\/strong><\/p><p><strong>Kombinationen av R\u00f6dbetsextrakt, Rosenrotextrakt, aminosyrorna L-Arginine och L-Citruline samt C-vitamin g\u00f6r&nbsp;FLEXOVITAL <\/strong><em><strong>+R\u00d6DBETA<\/strong><\/em><strong> till ett unikt kosttillskott.<\/strong><\/p><p style=\"text-align:center\"><a href=\"https:\/\/bioconcept.se\/om-flexovital\/\">L\u00e4s mer<\/a><\/p><figure class=\"wp-block-image\"><img decoding=\"async\" src=\"https:\/\/bioconcept.se\/wp-content\/uploads\/2019\/02\/Flex_handfat_liggande__T2A1462-compressor.jpg\" alt=\"\" class=\"wp-image-117\"\/><\/figure><h2 class=\"wp-block-heading\">Vikten av vardagsmotion<\/h2><p>Att tr\u00e4na regelbundet \u00e4r viktigt, det f\u00f6rst\u00e5r alla. Men av olika anledningar har inte alla av oss m\u00f6jlighet att tr\u00e4na. D\u00e4rf\u00f6r listar vi h\u00e4r n\u00e5gra f\u00f6rslag som kan underl\u00e4tta f\u00f6r dig att f\u00e5 in vardagsmotion i livet.<\/p><p><strong>Promenader med stegr\u00e4knare i mobilen<\/strong><\/p><p>Allt blir roligare om man ser resultat direkt. N\u00e4r du har stegr\u00e4knaren p\u00e5 i din mobiltelefon s\u00e5 kan du b\u00f6rja med ett m\u00e5l p\u00e5 3000 steg per dag. Se hur m\u00e5nga steg du tar f\u00f6rsta veckan och b\u00f6rja t\u00e4vla mot dig sj\u00e4lv! Det g\u00f6r att du kanske tar en liten extra v\u00e4nda runt kvarteret eller g\u00e5r till aff\u00e4ren ist\u00e4llet f\u00f6r att ta bilen. Iphone har en App som heter H\u00e4lsa (med ett hj\u00e4rta p\u00e5) men det finns m\u00e5nga bra appar och kan vi rekommendera WITHINGS.<\/p><p><strong>Ta trappan ist\u00e4llet f\u00f6r hissen<\/strong><\/p><p>Att g\u00e5 i trappor g\u00f6r att du snabbt f\u00e5r upp pulsen och s\u00e4tter fart p\u00e5 blodcirkulationen. Dessutom \u00e4r det skonsamt f\u00f6r lederna att g\u00e5 uppf\u00f6r i trappor (att g\u00e5 nedf\u00f6r kan d\u00e4remot g\u00f6ra ont om man har problem med kn\u00e4n).<\/p><p><strong>Tv\u00e4tta bilen f\u00f6r hand<\/strong><\/p><p>Att tv\u00e4tta bilen f\u00f6r hand motsvarar ca 2500 steg! Det \u00e4r inte bara din kropp som m\u00e5r bra utan \u00e4ven lacken p\u00e5 din bil. Du sparar sannolikt ett par kronor samtidigt som du f\u00e5r gratis motion.<\/p><p><strong>G\u00f6r n\u00e5gra kn\u00e4b\u00f6j medan du v\u00e4ntar<\/strong><\/p><p>G\u00f6r dem med st\u00f6d om du beh\u00f6ver och medan du v\u00e4ntar p\u00e5 kaffebryggaren eller microv\u00e5gsugnen. D\u00e5 f\u00e5r du ig\u00e5ng blodcirkulationen i lederna och det g\u00f6r underverk f\u00f6r onda inflammerade leder.<\/p><h2 class=\"wp-block-heading\">Nu \u00e4ven p\u00e5 Apotek Hj\u00e4rtat<\/h2><p>De flesta av v\u00e5ra kunder v\u00e4ljer den f\u00f6rdelaktiga och praktiska prenumerationstj\u00e4nsten. Men f\u00f6r de som vill k\u00f6pa enstaka f\u00f6rpackningar har vi valt att sammarbeta med Apotek Hj\u00e4rtat, Sveriges st\u00f6rsta privat\u00e4gda apoteks-kedja och del av ICA-gruppen. <a href=\"https:\/\/www.apotekhjartat.se\/produkt\/flexovital-90-st\/\">BEST\u00c4LL H\u00c4R<\/a><\/p><figure class=\"wp-block-image\"><img fetchpriority=\"high\" decoding=\"async\" width=\"640\" height=\"480\" src=\"https:\/\/bioconcept.se\/wp-content\/uploads\/2019\/03\/ima37150.jpg\" alt=\"\" class=\"wp-image-427\" srcset=\"https:\/\/bioconcept.se\/wp-content\/uploads\/2019\/03\/ima37150.jpg 640w, https:\/\/bioconcept.se\/wp-content\/uploads\/2019\/03\/ima37150-600x450.jpg 600w, https:\/\/bioconcept.se\/wp-content\/uploads\/2019\/03\/ima37150-300x225.jpg 300w\" sizes=\"(max-width: 640px) 100vw, 640px\" \/><\/figure><h3 class=\"wp-block-heading\">Hj\u00e4lp dig sj\u00e4lv och andra<\/h3><p><strong>50% rabatt f\u00f6rsta m\u00e5naden.&nbsp;<\/strong><\/p><p><strong>Ingen bindningstid. Porto ing\u00e5r.<\/strong><\/p><p>Vi st\u00f6ttar Zelmerl\u00f6w &amp; Bj\u00f6rkman foundation genom att sk\u00e4nka 5 kronor per s\u00e5ld ask. L\u00e4s mer p\u00e5&nbsp;<a href=\"http:\/\/www.zbfoundation.com\/\">www.zbfoundation.com<\/a><\/p><div class=\"wp-block-image\"><figure class=\"aligncenter\"><img decoding=\"async\" width=\"217\" height=\"300\" src=\"https:\/\/bioconcept.se\/wp-content\/uploads\/2019\/02\/Zelmerl\u00f6w-2-217x300.png\" alt=\"\" class=\"wp-image-129\" srcset=\"https:\/\/bioconcept.se\/wp-content\/uploads\/2019\/02\/Zelmerl\u00f6w-2-217x300.png 217w, https:\/\/bioconcept.se\/wp-content\/uploads\/2019\/02\/Zelmerl\u00f6w-2-600x828.png 600w, https:\/\/bioconcept.se\/wp-content\/uploads\/2019\/02\/Zelmerl\u00f6w-2.png 622w\" sizes=\"(max-width: 217px) 100vw, 217px\" \/><\/figure><\/div><div data-expanded-content=\"1\" data-wprr-component=\"bookButton\" data-wprr-component-data=\"{&quot;product&quot;:&quot;185&quot;,&quot;text&quot;:&quot;Best\u00e4ll h\u00e4r&quot;}\" class=\"wp-block-bioconcept-book-button\"><\/div>","protected":false},"excerpt":{"rendered":"<p>You receive a monthly subscription without binding or cancelation time. Postage is included! Buy 6 boxes but pay only for 5 boxes S\u00e5 att din kropp h\u00e4nger med. FLEXOVITAL+R\u00d6DBETA \u00e4r ett unikt kosttillskott f\u00f6r seniorer som togs fram av ett forskarteam vid Akademiska Sjukhuset i Uppsala f\u00f6r drygt 14 \u00e5r sedan. Dom inspirerades av en [&hellip;]<\/p>\n","protected":false},"author":1,"featured_media":176,"parent":0,"menu_order":0,"comment_status":"closed","ping_status":"closed","template":"","meta":{"_acf_changed":false,"site-sidebar-layout":"default","site-content-layout":"","ast-site-content-layout":"default","site-content-style":"default","site-sidebar-style":"default","ast-global-header-display":"","ast-banner-title-visibility":"","ast-main-header-display":"","ast-hfb-above-header-display":"","ast-hfb-below-header-display":"","ast-hfb-mobile-header-display":"","site-post-title":"","ast-breadcrumbs-content":"","ast-featured-img":"","footer-sml-layout":"","ast-disable-related-posts":"","theme-transparent-header-meta":"","adv-header-id-meta":"","stick-header-meta":"","header-above-stick-meta":"","header-main-stick-meta":"","header-below-stick-meta":"","astra-migrate-meta-layouts":"default","ast-page-background-enabled":"default","ast-page-background-meta":{"desktop":{"background-color":"var(--ast-global-color-4)","background-image":"","background-repeat":"repeat","background-position":"center center","background-size":"auto","background-attachment":"scroll","background-type":"","background-media":"","overlay-type":"","overlay-color":"","overlay-opacity":"","overlay-gradient":""},"tablet":{"background-color":"","background-image":"","background-repeat":"repeat","background-position":"center center","background-size":"auto","background-attachment":"scroll","background-type":"","background-media":"","overlay-type":"","overlay-color":"","overlay-opacity":"","overlay-gradient":""},"mobile":{"background-color":"","background-image":"","background-repeat":"repeat","background-position":"center center","background-size":"auto","background-attachment":"scroll","background-type":"","background-media":"","overlay-type":"","overlay-color":"","overlay-opacity":"","overlay-gradient":""}},"ast-content-background-meta":{"desktop":{"background-color":"var(--ast-global-color-5)","background-image":"","background-repeat":"repeat","background-position":"center center","background-size":"auto","background-attachment":"scroll","background-type":"","background-media":"","overlay-type":"","overlay-color":"","overlay-opacity":"","overlay-gradient":""},"tablet":{"background-color":"var(--ast-global-color-5)","background-image":"","background-repeat":"repeat","background-position":"center center","background-size":"auto","background-attachment":"scroll","background-type":"","background-media":"","overlay-type":"","overlay-color":"","overlay-opacity":"","overlay-gradient":""},"mobile":{"background-color":"var(--ast-global-color-5)","background-image":"","background-repeat":"repeat","background-position":"center center","background-size":"auto","background-attachment":"scroll","background-type":"","background-media":"","overlay-type":"","overlay-color":"","overlay-opacity":"","overlay-gradient":""}},"jetpack_post_was_ever_published":false,"footnotes":""},"categories":[],"tags":[],"dbm_type":[],"dbm_relation":[],"class_list":["post-68","page","type-page","status-publish","has-post-thumbnail","hentry"],"acf":[],"yoast_head":"<!-- This site is optimized with the Yoast SEO plugin v25.6 - https:\/\/yoast.com\/wordpress\/plugins\/seo\/ -->\n<title>FLEXOVITAL+R\u00d6DBETA Find your youthful feeling | Bioconcept AB<\/title>\n<meta name=\"description\" content=\"You receive a monthly subscription without binding or cancelation time. Postage is included! Buy 6 boxes but pay only for 5 boxes S\u00e5 att din kropp h\u00e4nger\" \/>\n<meta name=\"robots\" content=\"index, follow, max-snippet:-1, max-image-preview:large, max-video-preview:-1\" \/>\n<link rel=\"canonical\" href=\"https:\/\/bioconcept.se\/en\/tre-flexovital-today\/\" \/>\n<meta property=\"og:locale\" content=\"en_US\" \/>\n<meta property=\"og:type\" content=\"article\" \/>\n<meta property=\"og:title\" content=\"FLEXOVITAL+R\u00d6DBETA Find your youthful feeling | Bioconcept AB\" \/>\n<meta property=\"og:description\" content=\"You receive a monthly subscription without binding or cancelation time. Postage is included! Buy 6 boxes but pay only for 5 boxes S\u00e5 att din kropp h\u00e4nger\" \/>\n<meta property=\"og:url\" content=\"https:\/\/bioconcept.se\/en\/tre-flexovital-today\/\" \/>\n<meta property=\"og:site_name\" content=\"Bioconcept AB\" \/>\n<meta property=\"article:publisher\" content=\"https:\/\/www.facebook.com\/bioconceptab\" \/>\n<meta property=\"article:modified_time\" content=\"2019-09-18T13:30:38+00:00\" \/>\n<meta property=\"og:image\" content=\"https:\/\/bioconcept.se\/wp-content\/uploads\/2019\/03\/nick-scheerbart-15637-unsplash-scaled.jpg\" \/>\n\t<meta property=\"og:image:width\" content=\"2560\" \/>\n\t<meta property=\"og:image:height\" content=\"1643\" \/>\n\t<meta property=\"og:image:type\" content=\"image\/jpeg\" \/>\n<meta name=\"twitter:card\" content=\"summary_large_image\" \/>\n<meta name=\"twitter:label1\" content=\"Est. reading time\" \/>\n\t<meta name=\"twitter:data1\" content=\"3 minutes\" \/>\n<script type=\"application\/ld+json\" class=\"yoast-schema-graph\">{\"@context\":\"https:\/\/schema.org\",\"@graph\":[{\"@type\":\"WebPage\",\"@id\":\"https:\/\/bioconcept.se\/en\/tre-flexovital-today\/\",\"url\":\"https:\/\/bioconcept.se\/en\/tre-flexovital-today\/\",\"name\":\"FLEXOVITAL+R\u00d6DBETA Find your youthful feeling | Bioconcept AB\",\"isPartOf\":{\"@id\":\"https:\/\/bioconcept.se\/en\/#website\"},\"primaryImageOfPage\":{\"@id\":\"https:\/\/bioconcept.se\/en\/tre-flexovital-today\/#primaryimage\"},\"image\":{\"@id\":\"https:\/\/bioconcept.se\/en\/tre-flexovital-today\/#primaryimage\"},\"thumbnailUrl\":\"https:\/\/bioconcept.se\/wp-content\/uploads\/2019\/03\/nick-scheerbart-15637-unsplash-scaled.jpg\",\"datePublished\":\"2019-02-20T12:43:42+00:00\",\"dateModified\":\"2019-09-18T13:30:38+00:00\",\"description\":\"You receive a monthly subscription without binding or cancelation time. Postage is included! Buy 6 boxes but pay only for 5 boxes S\u00e5 att din kropp h\u00e4nger\",\"breadcrumb\":{\"@id\":\"https:\/\/bioconcept.se\/en\/tre-flexovital-today\/#breadcrumb\"},\"inLanguage\":\"en-US\",\"potentialAction\":[{\"@type\":\"ReadAction\",\"target\":[\"https:\/\/bioconcept.se\/en\/tre-flexovital-today\/\"]}]},{\"@type\":\"ImageObject\",\"inLanguage\":\"en-US\",\"@id\":\"https:\/\/bioconcept.se\/en\/tre-flexovital-today\/#primaryimage\",\"url\":\"https:\/\/bioconcept.se\/wp-content\/uploads\/2019\/03\/nick-scheerbart-15637-unsplash-scaled.jpg\",\"contentUrl\":\"https:\/\/bioconcept.se\/wp-content\/uploads\/2019\/03\/nick-scheerbart-15637-unsplash-scaled.jpg\",\"width\":2560,\"height\":1643},{\"@type\":\"BreadcrumbList\",\"@id\":\"https:\/\/bioconcept.se\/en\/tre-flexovital-today\/#breadcrumb\",\"itemListElement\":[{\"@type\":\"ListItem\",\"position\":1,\"name\":\"Hem\",\"item\":\"https:\/\/bioconcept.se\/en\/\"},{\"@type\":\"ListItem\",\"position\":2,\"name\":\"FLEXOVITAL+R\u00d6DBETA Find your youthful feeling\"}]},{\"@type\":\"WebSite\",\"@id\":\"https:\/\/bioconcept.se\/en\/#website\",\"url\":\"https:\/\/bioconcept.se\/en\/\",\"name\":\"Bioconcept AB\",\"description\":\"Bioconcept \u00e4r ett svensk f\u00f6retag som tillverkar h\u00f6gkvalitativa funktionstillskott och vitaminer till vuxna och barn samt djur. \",\"publisher\":{\"@id\":\"https:\/\/bioconcept.se\/en\/#organization\"},\"potentialAction\":[{\"@type\":\"SearchAction\",\"target\":{\"@type\":\"EntryPoint\",\"urlTemplate\":\"https:\/\/bioconcept.se\/en\/?s={search_term_string}\"},\"query-input\":{\"@type\":\"PropertyValueSpecification\",\"valueRequired\":true,\"valueName\":\"search_term_string\"}}],\"inLanguage\":\"en-US\"},{\"@type\":\"Organization\",\"@id\":\"https:\/\/bioconcept.se\/en\/#organization\",\"name\":\"Bioconcept AB\",\"url\":\"https:\/\/bioconcept.se\/en\/\",\"logo\":{\"@type\":\"ImageObject\",\"inLanguage\":\"en-US\",\"@id\":\"https:\/\/bioconcept.se\/en\/#\/schema\/logo\/image\/\",\"url\":\"https:\/\/bioconcept.se\/wp-content\/uploads\/2022\/02\/BC-logga-Konvert.png\",\"contentUrl\":\"https:\/\/bioconcept.se\/wp-content\/uploads\/2022\/02\/BC-logga-Konvert.png\",\"width\":1684,\"height\":327,\"caption\":\"Bioconcept AB\"},\"image\":{\"@id\":\"https:\/\/bioconcept.se\/en\/#\/schema\/logo\/image\/\"},\"sameAs\":[\"https:\/\/www.facebook.com\/bioconceptab\",\"https:\/\/www.instagram.com\/bioconcept_ab\/\"]}]}<\/script>\n<!-- \/ Yoast SEO plugin. -->","yoast_head_json":{"title":"FLEXOVITAL+R\u00d6DBETA Find your youthful feeling | Bioconcept AB","description":"You receive a monthly subscription without binding or cancelation time. Postage is included! Buy 6 boxes but pay only for 5 boxes S\u00e5 att din kropp h\u00e4nger","robots":{"index":"index","follow":"follow","max-snippet":"max-snippet:-1","max-image-preview":"max-image-preview:large","max-video-preview":"max-video-preview:-1"},"canonical":"https:\/\/bioconcept.se\/en\/tre-flexovital-today\/","og_locale":"en_US","og_type":"article","og_title":"FLEXOVITAL+R\u00d6DBETA Find your youthful feeling | Bioconcept AB","og_description":"You receive a monthly subscription without binding or cancelation time. Postage is included! Buy 6 boxes but pay only for 5 boxes S\u00e5 att din kropp h\u00e4nger","og_url":"https:\/\/bioconcept.se\/en\/tre-flexovital-today\/","og_site_name":"Bioconcept AB","article_publisher":"https:\/\/www.facebook.com\/bioconceptab","article_modified_time":"2019-09-18T13:30:38+00:00","og_image":[{"width":2560,"height":1643,"url":"https:\/\/bioconcept.se\/wp-content\/uploads\/2019\/03\/nick-scheerbart-15637-unsplash-scaled.jpg","type":"image\/jpeg"}],"twitter_card":"summary_large_image","twitter_misc":{"Est. reading time":"3 minutes"},"schema":{"@context":"https:\/\/schema.org","@graph":[{"@type":"WebPage","@id":"https:\/\/bioconcept.se\/en\/tre-flexovital-today\/","url":"https:\/\/bioconcept.se\/en\/tre-flexovital-today\/","name":"FLEXOVITAL+R\u00d6DBETA Find your youthful feeling | Bioconcept AB","isPartOf":{"@id":"https:\/\/bioconcept.se\/en\/#website"},"primaryImageOfPage":{"@id":"https:\/\/bioconcept.se\/en\/tre-flexovital-today\/#primaryimage"},"image":{"@id":"https:\/\/bioconcept.se\/en\/tre-flexovital-today\/#primaryimage"},"thumbnailUrl":"https:\/\/bioconcept.se\/wp-content\/uploads\/2019\/03\/nick-scheerbart-15637-unsplash-scaled.jpg","datePublished":"2019-02-20T12:43:42+00:00","dateModified":"2019-09-18T13:30:38+00:00","description":"You receive a monthly subscription without binding or cancelation time. Postage is included! Buy 6 boxes but pay only for 5 boxes S\u00e5 att din kropp h\u00e4nger","breadcrumb":{"@id":"https:\/\/bioconcept.se\/en\/tre-flexovital-today\/#breadcrumb"},"inLanguage":"en-US","potentialAction":[{"@type":"ReadAction","target":["https:\/\/bioconcept.se\/en\/tre-flexovital-today\/"]}]},{"@type":"ImageObject","inLanguage":"en-US","@id":"https:\/\/bioconcept.se\/en\/tre-flexovital-today\/#primaryimage","url":"https:\/\/bioconcept.se\/wp-content\/uploads\/2019\/03\/nick-scheerbart-15637-unsplash-scaled.jpg","contentUrl":"https:\/\/bioconcept.se\/wp-content\/uploads\/2019\/03\/nick-scheerbart-15637-unsplash-scaled.jpg","width":2560,"height":1643},{"@type":"BreadcrumbList","@id":"https:\/\/bioconcept.se\/en\/tre-flexovital-today\/#breadcrumb","itemListElement":[{"@type":"ListItem","position":1,"name":"Hem","item":"https:\/\/bioconcept.se\/en\/"},{"@type":"ListItem","position":2,"name":"FLEXOVITAL+R\u00d6DBETA Find your youthful feeling"}]},{"@type":"WebSite","@id":"https:\/\/bioconcept.se\/en\/#website","url":"https:\/\/bioconcept.se\/en\/","name":"Bioconcept AB","description":"Bioconcept \u00e4r ett svensk f\u00f6retag som tillverkar h\u00f6gkvalitativa funktionstillskott och vitaminer till vuxna och barn samt djur. ","publisher":{"@id":"https:\/\/bioconcept.se\/en\/#organization"},"potentialAction":[{"@type":"SearchAction","target":{"@type":"EntryPoint","urlTemplate":"https:\/\/bioconcept.se\/en\/?s={search_term_string}"},"query-input":{"@type":"PropertyValueSpecification","valueRequired":true,"valueName":"search_term_string"}}],"inLanguage":"en-US"},{"@type":"Organization","@id":"https:\/\/bioconcept.se\/en\/#organization","name":"Bioconcept AB","url":"https:\/\/bioconcept.se\/en\/","logo":{"@type":"ImageObject","inLanguage":"en-US","@id":"https:\/\/bioconcept.se\/en\/#\/schema\/logo\/image\/","url":"https:\/\/bioconcept.se\/wp-content\/uploads\/2022\/02\/BC-logga-Konvert.png","contentUrl":"https:\/\/bioconcept.se\/wp-content\/uploads\/2022\/02\/BC-logga-Konvert.png","width":1684,"height":327,"caption":"Bioconcept AB"},"image":{"@id":"https:\/\/bioconcept.se\/en\/#\/schema\/logo\/image\/"},"sameAs":["https:\/\/www.facebook.com\/bioconceptab","https:\/\/www.instagram.com\/bioconcept_ab\/"]}]}},"jetpack_sharing_enabled":true,"jetpack_shortlink":"https:\/\/wp.me\/PaJJGK-16","_links":{"self":[{"href":"https:\/\/bioconcept.se\/en\/wp-json\/wp\/v2\/pages\/68"}],"collection":[{"href":"https:\/\/bioconcept.se\/en\/wp-json\/wp\/v2\/pages"}],"about":[{"href":"https:\/\/bioconcept.se\/en\/wp-json\/wp\/v2\/types\/page"}],"author":[{"embeddable":true,"href":"https:\/\/bioconcept.se\/en\/wp-json\/wp\/v2\/users\/1"}],"replies":[{"embeddable":true,"href":"https:\/\/bioconcept.se\/en\/wp-json\/wp\/v2\/comments?post=68"}],"version-history":[{"count":6,"href":"https:\/\/bioconcept.se\/en\/wp-json\/wp\/v2\/pages\/68\/revisions"}],"predecessor-version":[{"id":1271,"href":"https:\/\/bioconcept.se\/en\/wp-json\/wp\/v2\/pages\/68\/revisions\/1271"}],"wp:featuredmedia":[{"embeddable":true,"href":"https:\/\/bioconcept.se\/en\/wp-json\/wp\/v2\/media\/176"}],"wp:attachment":[{"href":"https:\/\/bioconcept.se\/en\/wp-json\/wp\/v2\/media?parent=68"}],"wp:term":[{"taxonomy":"category","embeddable":true,"href":"https:\/\/bioconcept.se\/en\/wp-json\/wp\/v2\/categories?post=68"},{"taxonomy":"post_tag","embeddable":true,"href":"https:\/\/bioconcept.se\/en\/wp-json\/wp\/v2\/tags?post=68"},{"taxonomy":"dbm_type","embeddable":true,"href":"https:\/\/bioconcept.se\/en\/wp-json\/wp\/v2\/dbm_type?post=68"},{"taxonomy":"dbm_relation","embeddable":true,"href":"https:\/\/bioconcept.se\/en\/wp-json\/wp\/v2\/dbm_relation?post=68"}],"curies":[{"name":"wp","href":"https:\/\/api.w.org\/{rel}","templated":true}]}}